{"id":14954,"date":"2026-04-24T14:14:25","date_gmt":"2026-04-24T20:14:25","guid":{"rendered":"https:\/\/jacoboymariaangeles.com\/?post_type=product&#038;p=14954"},"modified":"2026-04-24T14:14:26","modified_gmt":"2026-04-24T20:14:26","slug":"tiburon-martillo","status":"publish","type":"product","link":"https:\/\/jacoboymariaangeles.com\/en\/product\/tiburon-martillo\/","title":{"rendered":"Tibur\u00f3n Martillo"},"content":{"rendered":"<p data-start=\"79\" data-end=\"464\">Esta impactante figura marina es una pieza artesanal \u00fanica creada por los miembros de nuestra cooperativa de artesanos, donde la fuerza de su silueta y la precisi\u00f3n de sus detalles dan vida a una obra llena de car\u00e1cter. Su cuerpo alargado, la gran cola curvada, las aletas extendidas y la intensidad de su expresi\u00f3n le otorgan una presencia din\u00e1mica que transmite movimiento y energ\u00eda.<\/p>\n<p data-start=\"466\" data-end=\"797\">La pieza destaca por sus finos patrones geom\u00e9tricos, trabajados en una armoniosa combinaci\u00f3n de grises, verdes y acentos amarillos que recorren el cuerpo con ritmo y equilibrio. La forma alargada del rostro, el contraste de las aletas y la riqueza del trazo realzan su fuerza visual y el cuidado minucioso del trabajo hecho a mano.<\/p>\n<p data-start=\"799\" data-end=\"972\">El resultado es una creaci\u00f3n aut\u00e9ntica, expresiva y llena de personalidad, ideal para quienes buscan una pieza especial que destaque por su originalidad y belleza artesanal.<br \/>\n<em>MEDIDAS:<\/em><\/p>\n","protected":false},"excerpt":{"rendered":"<p>Esta impactante figura marina es una pieza artesanal \u00fanica creada por los miembros de nuestra cooperativa de artesanos, donde la fuerza de su silueta y la precisi\u00f3n de sus detalles dan vida a una obra llena de car\u00e1cter. Su cuerpo alargado, la gran cola curvada, las aletas extendidas y la intensidad de su expresi\u00f3n le [&hellip;]<\/p>\n","protected":false},"featured_media":14955,"template":"","meta":{"_et_pb_use_builder":"","_et_pb_old_content":"","_et_gb_content_width":""},"product_brand":[],"product_cat":[24],"product_tag":[],"class_list":{"0":"post-14954","1":"product","2":"type-product","3":"status-publish","4":"has-post-thumbnail","6":"product_cat-todos-los-productos","8":"first","9":"instock","10":"shipping-taxable","11":"purchasable","12":"product-type-simple"},"_links":{"self":[{"href":"https:\/\/jacoboymariaangeles.com\/en\/wp-json\/wp\/v2\/product\/14954","targetHints":{"allow":["GET"]}}],"collection":[{"href":"https:\/\/jacoboymariaangeles.com\/en\/wp-json\/wp\/v2\/product"}],"about":[{"href":"https:\/\/jacoboymariaangeles.com\/en\/wp-json\/wp\/v2\/types\/product"}],"wp:featuredmedia":[{"embeddable":true,"href":"https:\/\/jacoboymariaangeles.com\/en\/wp-json\/wp\/v2\/media\/14955"}],"wp:attachment":[{"href":"https:\/\/jacoboymariaangeles.com\/en\/wp-json\/wp\/v2\/media?parent=14954"}],"wp:term":[{"taxonomy":"product_brand","embeddable":true,"href":"https:\/\/jacoboymariaangeles.com\/en\/wp-json\/wp\/v2\/product_brand?post=14954"},{"taxonomy":"product_cat","embeddable":true,"href":"https:\/\/jacoboymariaangeles.com\/en\/wp-json\/wp\/v2\/product_cat?post=14954"},{"taxonomy":"product_tag","embeddable":true,"href":"https:\/\/jacoboymariaangeles.com\/en\/wp-json\/wp\/v2\/product_tag?post=14954"}],"curies":[{"name":"wp","href":"https:\/\/api.w.org\/{rel}","templated":true}]}}