{"id":14543,"date":"2025-12-19T15:39:49","date_gmt":"2025-12-19T21:39:49","guid":{"rendered":"https:\/\/jacoboymariaangeles.com\/?post_type=product&#038;p=14543"},"modified":"2026-01-24T11:19:08","modified_gmt":"2026-01-24T17:19:08","slug":"perro","status":"publish","type":"product","link":"https:\/\/jacoboymariaangeles.com\/en\/product\/perro\/","title":{"rendered":"PERRO"},"content":{"rendered":"<p>Este imponente <strong>Perro\u00a0artesanal<\/strong> ha sido cuidadosamente elaborado por los aprendices de nuestro taller, quienes, guiados por maestros artesanos, combinan t\u00e9cnica, dedicaci\u00f3n y creatividad en cada pieza. Su proceso de formaci\u00f3n se refleja en los detalles: desde la forma precisa del cuerpo hasta los acabados que resaltan la confianza y vitalidad del perro.<\/p>\n<p>Cada figura es un testimonio del aprendizaje en acci\u00f3n, donde las nuevas generaciones de artesanos desarrollan sus habilidades y aportan su propia interpretaci\u00f3n est\u00e9tica. El resultado es una pieza aut\u00e9ntica, llena de car\u00e1cter y con un valor especial por su origen formativo.<\/p>\n<p><strong>Medidas: 14.5 x17.5 x6 cm, elaborado en resina.<\/strong><\/p>\n","protected":false},"excerpt":{"rendered":"<p>Este imponente Perro\u00a0artesanal ha sido cuidadosamente elaborado por los aprendices de nuestro taller, quienes, guiados por maestros artesanos, combinan t\u00e9cnica, dedicaci\u00f3n y creatividad en cada pieza. Su proceso de formaci\u00f3n se refleja en los detalles: desde la forma precisa del cuerpo hasta los acabados que resaltan la confianza y vitalidad del perro. Cada figura es [&hellip;]<\/p>\n","protected":false},"featured_media":14544,"template":"","meta":{"_et_pb_use_builder":"","_et_pb_old_content":"","_et_gb_content_width":""},"product_brand":[],"product_cat":[25],"product_tag":[],"class_list":{"0":"post-14543","1":"product","2":"type-product","3":"status-publish","4":"has-post-thumbnail","6":"product_cat-figuras-de-madera-alebrijes","8":"first","9":"instock","10":"shipping-taxable","11":"purchasable","12":"product-type-simple"},"_links":{"self":[{"href":"https:\/\/jacoboymariaangeles.com\/en\/wp-json\/wp\/v2\/product\/14543","targetHints":{"allow":["GET"]}}],"collection":[{"href":"https:\/\/jacoboymariaangeles.com\/en\/wp-json\/wp\/v2\/product"}],"about":[{"href":"https:\/\/jacoboymariaangeles.com\/en\/wp-json\/wp\/v2\/types\/product"}],"wp:featuredmedia":[{"embeddable":true,"href":"https:\/\/jacoboymariaangeles.com\/en\/wp-json\/wp\/v2\/media\/14544"}],"wp:attachment":[{"href":"https:\/\/jacoboymariaangeles.com\/en\/wp-json\/wp\/v2\/media?parent=14543"}],"wp:term":[{"taxonomy":"product_brand","embeddable":true,"href":"https:\/\/jacoboymariaangeles.com\/en\/wp-json\/wp\/v2\/product_brand?post=14543"},{"taxonomy":"product_cat","embeddable":true,"href":"https:\/\/jacoboymariaangeles.com\/en\/wp-json\/wp\/v2\/product_cat?post=14543"},{"taxonomy":"product_tag","embeddable":true,"href":"https:\/\/jacoboymariaangeles.com\/en\/wp-json\/wp\/v2\/product_tag?post=14543"}],"curies":[{"name":"wp","href":"https:\/\/api.w.org\/{rel}","templated":true}]}}