{"id":14236,"date":"2025-11-21T10:56:12","date_gmt":"2025-11-21T16:56:12","guid":{"rendered":"https:\/\/jacoboymariaangeles.com\/?post_type=product&#038;p=14236"},"modified":"2025-11-21T10:56:13","modified_gmt":"2025-11-21T16:56:13","slug":"fusion-12-buho-iguana","status":"publish","type":"product","link":"https:\/\/jacoboymariaangeles.com\/en\/product\/fusion-12-buho-iguana\/","title":{"rendered":"Fusi\u00f3n #12 B\u00faho-Iguana"},"content":{"rendered":"<p>Esta pieza forma parte de una colecci\u00f3n inspirada en la cosmovisi\u00f3n zapoteca, donde diversas fusiones animal\u00edsticas dan vida a seres simb\u00f3licos que integran nuestro calendario ancestral. Cada creaci\u00f3n expresa un di\u00e1logo entre tradici\u00f3n, identidad y misticismo.<\/p>\n<p data-start=\"90\" data-end=\"433\"><strong data-start=\"90\" data-end=\"117\">Fusi\u00f3n #12: B\u00faho\u2013Iguana<\/strong><br data-start=\"117\" data-end=\"120\" \/>Esta extraordinaria figura combina la sabidur\u00eda nocturna del b\u00faho con la energ\u00eda terrenal de la iguana, dando origen a un ser que simboliza\u00a0<strong data-start=\"260\" data-end=\"306\">curaci\u00f3n profunda, fertilidad y fecundidad<\/strong>. Es un guardi\u00e1n m\u00edstico que representa el equilibrio entre la intuici\u00f3n, la regeneraci\u00f3n y la renovaci\u00f3n constante de la vida.<\/p>\n<p data-start=\"435\" data-end=\"465\"><strong data-start=\"435\" data-end=\"447\">Medidas:<\/strong>\u00a024.5 \u00d7 16 \u00d7 35 cm<\/p>\n","protected":false},"excerpt":{"rendered":"<p>Esta pieza forma parte de una colecci\u00f3n inspirada en la cosmovisi\u00f3n zapoteca, donde diversas fusiones animal\u00edsticas dan vida a seres simb\u00f3licos que integran nuestro calendario ancestral. Cada creaci\u00f3n expresa un di\u00e1logo entre tradici\u00f3n, identidad y misticismo. Fusi\u00f3n #12: B\u00faho\u2013IguanaEsta extraordinaria figura combina la sabidur\u00eda nocturna del b\u00faho con la energ\u00eda terrenal de la iguana, dando [&hellip;]<\/p>\n","protected":false},"featured_media":14242,"template":"","meta":{"_et_pb_use_builder":"","_et_pb_old_content":"","_et_gb_content_width":""},"product_brand":[],"product_cat":[25],"product_tag":[],"class_list":{"0":"post-14236","1":"product","2":"type-product","3":"status-publish","4":"has-post-thumbnail","6":"product_cat-figuras-de-madera-alebrijes","8":"first","9":"instock","10":"shipping-taxable","11":"purchasable","12":"product-type-simple"},"_links":{"self":[{"href":"https:\/\/jacoboymariaangeles.com\/en\/wp-json\/wp\/v2\/product\/14236","targetHints":{"allow":["GET"]}}],"collection":[{"href":"https:\/\/jacoboymariaangeles.com\/en\/wp-json\/wp\/v2\/product"}],"about":[{"href":"https:\/\/jacoboymariaangeles.com\/en\/wp-json\/wp\/v2\/types\/product"}],"wp:featuredmedia":[{"embeddable":true,"href":"https:\/\/jacoboymariaangeles.com\/en\/wp-json\/wp\/v2\/media\/14242"}],"wp:attachment":[{"href":"https:\/\/jacoboymariaangeles.com\/en\/wp-json\/wp\/v2\/media?parent=14236"}],"wp:term":[{"taxonomy":"product_brand","embeddable":true,"href":"https:\/\/jacoboymariaangeles.com\/en\/wp-json\/wp\/v2\/product_brand?post=14236"},{"taxonomy":"product_cat","embeddable":true,"href":"https:\/\/jacoboymariaangeles.com\/en\/wp-json\/wp\/v2\/product_cat?post=14236"},{"taxonomy":"product_tag","embeddable":true,"href":"https:\/\/jacoboymariaangeles.com\/en\/wp-json\/wp\/v2\/product_tag?post=14236"}],"curies":[{"name":"wp","href":"https:\/\/api.w.org\/{rel}","templated":true}]}}