{"id":14209,"date":"2025-11-21T10:02:31","date_gmt":"2025-11-21T16:02:31","guid":{"rendered":"https:\/\/jacoboymariaangeles.com\/?post_type=product&#038;p=14209"},"modified":"2025-11-21T10:02:35","modified_gmt":"2025-11-21T16:02:35","slug":"fusion-3-conejo-venado","status":"publish","type":"product","link":"https:\/\/jacoboymariaangeles.com\/en\/product\/fusion-3-conejo-venado\/","title":{"rendered":"FUSI\u00d3N #3 CONEJO-VENADO"},"content":{"rendered":"<p data-start=\"96\" data-end=\"356\">Esta pieza forma parte de una colecci\u00f3n inspirada en la cosmovisi\u00f3n zapoteca, donde diversas fusiones animal\u00edsticas dan vida a seres simb\u00f3licos que integran nuestro calendario ancestral. Cada creaci\u00f3n expresa un di\u00e1logo entre tradici\u00f3n, identidad y misticismo.<\/p>\n<p data-start=\"358\" data-end=\"594\"><strong data-start=\"358\" data-end=\"386\">Fusi\u00f3n #3: Conejo\u2013Venado<\/strong><br data-start=\"386\" data-end=\"389\" \/>Una figura que encarna <em data-start=\"412\" data-end=\"460\">perfecci\u00f3n, abundancia, afirmaci\u00f3n y fortaleza<\/em>. La agilidad del conejo y la nobleza del venado se entrelazan para dar origen a un spirit lleno de energ\u00eda y equilibrio espiritual.<\/p>\n<p data-start=\"358\" data-end=\"594\"><strong data-start=\"596\" data-end=\"608\">Medidas:<\/strong> 35.5 \u00d7 16 \u00d7 12.3 cm<\/p>\n","protected":false},"excerpt":{"rendered":"<p>Esta pieza forma parte de una colecci\u00f3n inspirada en la cosmovisi\u00f3n zapoteca, donde diversas fusiones animal\u00edsticas dan vida a seres simb\u00f3licos que integran nuestro calendario ancestral. Cada creaci\u00f3n expresa un di\u00e1logo entre tradici\u00f3n, identidad y misticismo. Fusi\u00f3n #3: Conejo\u2013VenadoUna figura que encarna perfecci\u00f3n, abundancia, afirmaci\u00f3n y fortaleza. La agilidad del conejo y la nobleza del [&hellip;]<\/p>\n","protected":false},"featured_media":14210,"template":"","meta":{"_et_pb_use_builder":"","_et_pb_old_content":"","_et_gb_content_width":""},"product_brand":[],"product_cat":[25],"product_tag":[],"class_list":{"0":"post-14209","1":"product","2":"type-product","3":"status-publish","4":"has-post-thumbnail","6":"product_cat-figuras-de-madera-alebrijes","8":"first","9":"instock","10":"shipping-taxable","11":"purchasable","12":"product-type-simple"},"_links":{"self":[{"href":"https:\/\/jacoboymariaangeles.com\/en\/wp-json\/wp\/v2\/product\/14209","targetHints":{"allow":["GET"]}}],"collection":[{"href":"https:\/\/jacoboymariaangeles.com\/en\/wp-json\/wp\/v2\/product"}],"about":[{"href":"https:\/\/jacoboymariaangeles.com\/en\/wp-json\/wp\/v2\/types\/product"}],"wp:featuredmedia":[{"embeddable":true,"href":"https:\/\/jacoboymariaangeles.com\/en\/wp-json\/wp\/v2\/media\/14210"}],"wp:attachment":[{"href":"https:\/\/jacoboymariaangeles.com\/en\/wp-json\/wp\/v2\/media?parent=14209"}],"wp:term":[{"taxonomy":"product_brand","embeddable":true,"href":"https:\/\/jacoboymariaangeles.com\/en\/wp-json\/wp\/v2\/product_brand?post=14209"},{"taxonomy":"product_cat","embeddable":true,"href":"https:\/\/jacoboymariaangeles.com\/en\/wp-json\/wp\/v2\/product_cat?post=14209"},{"taxonomy":"product_tag","embeddable":true,"href":"https:\/\/jacoboymariaangeles.com\/en\/wp-json\/wp\/v2\/product_tag?post=14209"}],"curies":[{"name":"wp","href":"https:\/\/api.w.org\/{rel}","templated":true}]}}