{"id":13753,"date":"2025-09-20T11:26:19","date_gmt":"2025-09-20T17:26:19","guid":{"rendered":"https:\/\/jacoboymariaangeles.com\/?post_type=product&#038;p=13753"},"modified":"2025-10-20T15:36:33","modified_gmt":"2025-10-20T21:36:33","slug":"kit-de-tres-colibries-medianos","status":"publish","type":"product","link":"https:\/\/jacoboymariaangeles.com\/en\/product\/kit-de-tres-colibries-medianos\/","title":{"rendered":"KIT DE TRES COLIBR\u00cdES MEDIANOS"},"content":{"rendered":"<p>Kit de colibr\u00edes, consta de tres piezas, talladas y decoradas a mano en madera de palo de \u00e1guila. *Los colores de los colibr\u00edes pueden variar, se envi\u00e1n colores al azar.<\/p>\n<p>MEDIDAS 9 cm de alto x 13 cm de largo x 20 cm de ancho<\/p>\n","protected":false},"excerpt":{"rendered":"<p>Kit de colibr\u00edes, consta de tres piezas, talladas y decoradas a mano en madera de palo de \u00e1guila. *Los colores de los colibr\u00edes pueden variar, se envi\u00e1n colores al azar. MEDIDAS 9 cm de alto x 13 cm de largo x 20 cm de ancho<\/p>\n","protected":false},"featured_media":13758,"template":"","meta":{"_et_pb_use_builder":"","_et_pb_old_content":"","_et_gb_content_width":""},"product_brand":[],"product_cat":[126,25],"product_tag":[],"class_list":{"0":"post-13753","1":"product","2":"type-product","3":"status-publish","4":"has-post-thumbnail","6":"product_cat-todoslosproductos","7":"product_cat-figuras-de-madera-alebrijes","9":"first","10":"instock","11":"shipping-taxable","12":"purchasable","13":"product-type-simple"},"_links":{"self":[{"href":"https:\/\/jacoboymariaangeles.com\/en\/wp-json\/wp\/v2\/product\/13753","targetHints":{"allow":["GET"]}}],"collection":[{"href":"https:\/\/jacoboymariaangeles.com\/en\/wp-json\/wp\/v2\/product"}],"about":[{"href":"https:\/\/jacoboymariaangeles.com\/en\/wp-json\/wp\/v2\/types\/product"}],"wp:featuredmedia":[{"embeddable":true,"href":"https:\/\/jacoboymariaangeles.com\/en\/wp-json\/wp\/v2\/media\/13758"}],"wp:attachment":[{"href":"https:\/\/jacoboymariaangeles.com\/en\/wp-json\/wp\/v2\/media?parent=13753"}],"wp:term":[{"taxonomy":"product_brand","embeddable":true,"href":"https:\/\/jacoboymariaangeles.com\/en\/wp-json\/wp\/v2\/product_brand?post=13753"},{"taxonomy":"product_cat","embeddable":true,"href":"https:\/\/jacoboymariaangeles.com\/en\/wp-json\/wp\/v2\/product_cat?post=13753"},{"taxonomy":"product_tag","embeddable":true,"href":"https:\/\/jacoboymariaangeles.com\/en\/wp-json\/wp\/v2\/product_tag?post=13753"}],"curies":[{"name":"wp","href":"https:\/\/api.w.org\/{rel}","templated":true}]}}