{"id":13732,"date":"2025-09-20T10:38:42","date_gmt":"2025-09-20T16:38:42","guid":{"rendered":"https:\/\/jacoboymariaangeles.com\/?post_type=product&#038;p=13732"},"modified":"2026-02-25T10:02:32","modified_gmt":"2026-02-25T16:02:32","slug":"libro-voces-de-copal","status":"publish","type":"product","link":"https:\/\/jacoboymariaangeles.com\/en\/product\/libro-voces-de-copal\/","title":{"rendered":"LIBRO VOCES DE COPAL"},"content":{"rendered":"<p>Referirnos al arte popular de Oaxaca es hablar de muchas comunidades de los Valles Centrales del estado que en la actualidad elaboran artesan\u00edas, es mencionar a los pueblos originarios que circundan su capital, Oaxaca de Ju\u00e1rez, principalmente aquellos pertenecientes a los distritos del Centro y Ocotl\u00e1n: San Bartolo Coyotepec, San Antonio Arrazola, Santo Tom\u00e1s Jalieza, San Antonino Castillo Velasco y, desde luego, San Mart\u00edn Tilcajete. Dentro de estas artesan\u00edas, la talla en madera de copal se ha convertido en un quehacer destacado al que hoy se dedican m\u00e1s de 200 familias en sendos talleres, todas ellas creadoras de excelentes figuras cuyas caracter\u00edsticas evocan el denominado \u201crealismo m\u00e1gico\u201d de Oaxaca. MEDIDAS 38 cm de alto x 35 cm de largo x 2 cm de ancho<\/p>\n","protected":false},"excerpt":{"rendered":"<p>Referirnos al arte popular de Oaxaca es hablar de muchas comunidades de los Valles Centrales del estado que en la actualidad elaboran artesan\u00edas, es mencionar a los pueblos originarios que circundan su capital, Oaxaca de Ju\u00e1rez, principalmente aquellos pertenecientes a los distritos del Centro y Ocotl\u00e1n: San Bartolo Coyotepec, San Antonio Arrazola, Santo Tom\u00e1s Jalieza, [&hellip;]<\/p>\n","protected":false},"featured_media":13982,"template":"","meta":{"_et_pb_use_builder":"off","_et_pb_old_content":"Referirnos al arte popular de Oaxaca es hablar de muchas comunidades de los Valles Centrales del estado que en la actualidad elaboran artesan\u00edas, es mencionar a los pueblos originarios que circundan su capital, Oaxaca de Ju\u00e1rez, principalmente aquellos pertenecientes a los distritos del Centro y Ocotl\u00e1n: San Bartolo Coyotepec, San Antonio Arrazola, Santo Tom\u00e1s Jalieza, San Antonino Castillo Velasco y, desde luego, San Mart\u00edn Tilcajete. Dentro de estas artesan\u00edas, la talla en madera de copal se ha convertido en un quehacer destacado al que hoy se dedican m\u00e1s de 200 familias en sendos talleres, todas ellas creadoras de excelentes figuras cuyas caracter\u00edsticas evocan el denominado \u201crealismo m\u00e1gico\u201d de Oaxaca.\r\n\r\nMEDIDAS\r\n38 cm de alto x 35 cm de largo x 2 cm de ancho","_et_gb_content_width":""},"product_brand":[],"product_cat":[24,36],"product_tag":[],"class_list":{"0":"post-13732","1":"product","2":"type-product","3":"status-publish","4":"has-post-thumbnail","6":"product_cat-todos-los-productos","7":"product_cat-libros","9":"first","10":"instock","11":"shipping-taxable","12":"purchasable","13":"product-type-simple"},"_links":{"self":[{"href":"https:\/\/jacoboymariaangeles.com\/en\/wp-json\/wp\/v2\/product\/13732","targetHints":{"allow":["GET"]}}],"collection":[{"href":"https:\/\/jacoboymariaangeles.com\/en\/wp-json\/wp\/v2\/product"}],"about":[{"href":"https:\/\/jacoboymariaangeles.com\/en\/wp-json\/wp\/v2\/types\/product"}],"wp:featuredmedia":[{"embeddable":true,"href":"https:\/\/jacoboymariaangeles.com\/en\/wp-json\/wp\/v2\/media\/13982"}],"wp:attachment":[{"href":"https:\/\/jacoboymariaangeles.com\/en\/wp-json\/wp\/v2\/media?parent=13732"}],"wp:term":[{"taxonomy":"product_brand","embeddable":true,"href":"https:\/\/jacoboymariaangeles.com\/en\/wp-json\/wp\/v2\/product_brand?post=13732"},{"taxonomy":"product_cat","embeddable":true,"href":"https:\/\/jacoboymariaangeles.com\/en\/wp-json\/wp\/v2\/product_cat?post=13732"},{"taxonomy":"product_tag","embeddable":true,"href":"https:\/\/jacoboymariaangeles.com\/en\/wp-json\/wp\/v2\/product_tag?post=13732"}],"curies":[{"name":"wp","href":"https:\/\/api.w.org\/{rel}","templated":true}]}}