{"id":8948,"date":"2023-07-29T09:24:02","date_gmt":"2023-07-29T15:24:02","guid":{"rendered":"https:\/\/jacoboymariaangeles.com\/beedxe-beenda-hruzaani\/"},"modified":"2023-08-15T11:01:41","modified_gmt":"2023-08-15T17:01:41","slug":"beedxe-beenda-hruzaani","status":"publish","type":"page","link":"https:\/\/jacoboymariaangeles.com\/en\/beedxe-beenda-hruzaani\/","title":{"rendered":"Beedxe Beenda Hruzaani\u2019"},"content":{"rendered":"<p>[et_pb_section fb_built=&#8221;1&#8243; _builder_version=&#8221;4.22.0&#8243; _module_preset=&#8221;default&#8221; background_image=&#8221;https:\/\/jacoboymariaangeles.com\/wp-content\/uploads\/2023\/07\/d-1.jpg&#8221; height=&#8221;100vh&#8221; height_tablet=&#8221;100vh&#8221; height_phone=&#8221;54vh&#8221; height_last_edited=&#8221;on|phone&#8221; background_last_edited=&#8221;on|phone&#8221; background_image_phone=&#8221;https:\/\/jacoboymariaangeles.com\/wp-content\/uploads\/2023\/07\/dm-1.jpg&#8221; background_enable_image_phone=&#8221;on&#8221; saved_tabs=&#8221;all&#8221; global_colors_info=&#8221;{}&#8221;][et_pb_row _builder_version=&#8221;4.22.0&#8243; _module_preset=&#8221;default&#8221; custom_margin=&#8221;14vw||||false|false&#8221; custom_margin_tablet=&#8221;28vw||||false|false&#8221; custom_margin_phone=&#8221;15vw||||false|false&#8221; custom_margin_last_edited=&#8221;on|phone&#8221; global_colors_info=&#8221;{}&#8221;][et_pb_column type=&#8221;4_4&#8243; _builder_version=&#8221;4.22.0&#8243; _module_preset=&#8221;default&#8221; global_colors_info=&#8221;{}&#8221;][et_pb_text _builder_version=&#8221;4.22.0&#8243; _module_preset=&#8221;default&#8221; header_text_align=&#8221;center&#8221; header_text_color=&#8221;#FFFFFF&#8221; header_font_size=&#8221;50px&#8221; header_2_text_align=&#8221;center&#8221; header_2_text_color=&#8221;#FFFFFF&#8221; custom_margin_tablet=&#8221;&#8221; custom_margin_phone=&#8221;||||false|false&#8221; custom_margin_last_edited=&#8221;on|phone&#8221; header_font_size_tablet=&#8221;50px&#8221; header_font_size_phone=&#8221;23px&#8221; header_font_size_last_edited=&#8221;on|phone&#8221; header_2_font_size_tablet=&#8221;&#8221; header_2_font_size_phone=&#8221;16px&#8221; header_2_font_size_last_edited=&#8221;on|phone&#8221; global_colors_info=&#8221;{}&#8221;]<\/p>\n<h1>Beedxe Beenda Hruzaani\u2019<\/h1>\n<p>&nbsp;<\/p>\n<h2>D\u00eddiamant<\/h2>\n<p>[\/et_pb_text][\/et_pb_column][\/et_pb_row][\/et_pb_section][et_pb_section fb_built=&#8221;1&#8243; _builder_version=&#8221;4.21.2&#8243; _module_preset=&#8221;default&#8221; custom_margin=&#8221;||||false|false&#8221; custom_padding=&#8221;||||false|false&#8221; global_colors_info=&#8221;{}&#8221;][et_pb_row _builder_version=&#8221;4.22.0&#8243; _module_preset=&#8221;default&#8221; width=&#8221;47%&#8221; width_tablet=&#8221;70%&#8221; width_phone=&#8221;80%&#8221; width_last_edited=&#8221;on|phone&#8221; max_width_tablet=&#8221;&#8221; max_width_phone=&#8221;&#8221; max_width_last_edited=&#8221;on|phone&#8221; module_alignment=&#8221;center&#8221; global_colors_info=&#8221;{}&#8221;][et_pb_column type=&#8221;4_4&#8243; _builder_version=&#8221;4.20.2&#8243; _module_preset=&#8221;default&#8221; global_colors_info=&#8221;{}&#8221;][et_pb_text content_tablet=&#8221;<\/p>\n<p>Taller Jacobo y Mar\u00eda \u00c1ngeles, is pleased to present Beedxe Beenda Hruzaani&apos; (Jaguar &#8211; Shiny Snake in Zapotec), an exclusive piece made in 1.5 kg of 999 fine silver, which presents a numerous inlay of 15.16 carat diamonds, in collaboration with the jewelry artisans of the Mexican company D\u00eddiamant.<\/p>\n<p>Precious stones that splendidly compose almost in its entirety the morphology of this fantastic creature with the face of a jaguar and the body of a snake. Impressive jewels redeemed from blood, the result of exquisite scientific work in the manufacture of laboratory diamonds, conceived from a strong commitment to the environment and of exceptional quality.<\/p>\n<p>&#8221; content_phone=&#8221;<\/p>\n<p>Taller Jacobo y Mar\u00eda \u00c1ngeles, is pleased to present Beedxe Beenda Hruzaani&apos; (Jaguar &#8211; Shiny Snake in Zapotec), an exclusive piece made in 1.5 kg of 999 fine silver, which presents a numerous inlay of 15.16 carat diamonds, in collaboration with the jewelry artisans of the Mexican company D\u00eddiamant.<\/p>\n<p>Precious stones that splendidly compose almost in its entirety the morphology of this fantastic creature with the face of a jaguar and the body of a snake. . Impressive jewels redeemed from blood, the result of exquisite scientific work in the manufacture of laboratory diamonds, conceived from a strong commitment to the environment and of exceptional quality.<\/p>\n<p>&#8221; content_last_edited=&#8221;on|phone&#8221; _builder_version=&#8221;4.22.0&#8243; _module_preset=&#8221;default&#8221; text_line_height=&#8221;1.5em&#8221; text_orientation=&#8221;center&#8221; width=&#8221;100%&#8221; width_tablet=&#8221;100%&#8221; width_phone=&#8221;100%&#8221; width_last_edited=&#8221;on|phone&#8221; module_alignment=&#8221;center&#8221; text_font_size_tablet=&#8221;&#8221; text_font_size_phone=&#8221;16px&#8221; text_font_size_last_edited=&#8221;on|phone&#8221; global_colors_info=&#8221;{}&#8221;]<\/p>\n<p>Taller Jacobo y Mar\u00eda \u00c1ngeles, is pleased to present Beedxe Beenda<br \/>Hruzaani&#8217; (Jaguar &#8211; Shiny Snake in Zapotec), an exclusive piece<br \/>e made in 1.5 kg of 999 fine silver, which presents a numerous inlay<br \/>of 15.16 carat diamonds, in collaboration with the jewelry artisans of the<br \/>Mexican company D\u00eddiamant.<\/p>\n<p>Precious stones that splendidly compose almost in its entirety the<br \/>morphology of this fantastic creature with the face of a jaguar and the body of a snake.<br \/>Impressive jewels redeemed from blood, the result of exquisite scientific<br \/>work in the manufacture of laboratory diamonds, conceived from a<br \/>strong commitment to the environment and of exceptional quality.<\/p>\n<p>[\/et_pb_text][\/et_pb_column][\/et_pb_row][et_pb_row _builder_version=&#8221;4.22.0&#8243; _module_preset=&#8221;default&#8221; horizontal_offset=&#8221;0px&#8221; width=&#8221;100%&#8221; width_tablet=&#8221;80%&#8221; width_phone=&#8221;80%&#8221; width_last_edited=&#8221;on|tablet&#8221; module_alignment=&#8221;center&#8221; custom_margin=&#8221;|auto||20px||&#8221; global_colors_info=&#8221;{}&#8221;][et_pb_column type=&#8221;4_4&#8243; _builder_version=&#8221;4.20.2&#8243; _module_preset=&#8221;default&#8221; global_colors_info=&#8221;{}&#8221;][et_pb_image src=&#8221;https:\/\/jacoboymariaangeles.com\/wp-content\/uploads\/2023\/07\/d-2.jpg&#8221; _builder_version=&#8221;4.22.0&#8243; _module_preset=&#8221;default&#8221; width=&#8221;100%&#8221; width_tablet=&#8221;100%&#8221; width_phone=&#8221;100%&#8221; width_last_edited=&#8221;on|tablet&#8221; global_colors_info=&#8221;{}&#8221;][\/et_pb_image][\/et_pb_column][\/et_pb_row][et_pb_row _builder_version=&#8221;4.22.0&#8243; _module_preset=&#8221;default&#8221; width=&#8221;47%&#8221; width_tablet=&#8221;70%&#8221; width_phone=&#8221;80%&#8221; width_last_edited=&#8221;on|phone&#8221; module_alignment=&#8221;center&#8221; global_colors_info=&#8221;{}&#8221;][et_pb_column type=&#8221;4_4&#8243; _builder_version=&#8221;4.20.2&#8243; _module_preset=&#8221;default&#8221; global_colors_info=&#8221;{}&#8221;][et_pb_text content_tablet=&#8221;<\/p>\n<p>With a clear reference to the history of contemporary art (see For the love of God! by Damien Hirst), the artisan workshop Jacobo y Mar\u00eda \u00c1ngeles moves to an unprecedented work format; combining their Zapotec cosmovision with anthropological, political and, of course, aesthetic notions.<\/p>\n<p>Beedxe Beenda Hruzaani&apos; is a piece that was presented at the 2021 edition of New York Fashion Week. An innovative production horizon that puts in tension everything previously known by the workshop, and that shares honestly in our house.<\/p>\n<p>&#8221; content_phone=&#8221;<\/p>\n<p>With a clear reference to the history of contemporary art (see For the love of God! by Damien Hirst), the artisan workshop Jacobo y Mar\u00eda \u00c1ngeles moves to an unprecedented work format; combining their Zapotec cosmovision with anthropological, political and, of course, aesthetic notions.<\/p>\n<p>Beedxe Beenda Hruzaani&apos; is a piece that was presented at the 2021 edition of New York Fashion Week. An innovative production horizon that puts in tension everything previously known by the workshop, and that shares honestly in our house.<\/p>\n<p>&#8221; content_last_edited=&#8221;on|phone&#8221; _builder_version=&#8221;4.22.0&#8243; _module_preset=&#8221;default&#8221; text_orientation=&#8221;center&#8221; width=&#8221;100%&#8221; width_tablet=&#8221;&#8221; width_phone=&#8221;100%&#8221; width_last_edited=&#8221;on|phone&#8221; module_alignment=&#8221;center&#8221; global_colors_info=&#8221;{}&#8221;]<\/p>\n<p>With a clear reference to the history of contemporary art (see For the love<br \/>of God! by Damien Hirst), the artisan workshop Jacobo y Mar\u00eda \u00c1ngeles moves to an<br \/>unprecedented work format; combining their Zapotec<br \/>cosmovision with anthropological, political and, of course, aesthetic notions.<\/p>\n<p>Beedxe Beenda Hruzaani&#8217; is a piece that was presented at the 2021 edition of<br \/>New York Fashion Week. An innovative production horizon that puts in<br \/>tension everything previously known by the workshop, and that shares<br \/>honestly in our house.<\/p>\n<p>[\/et_pb_text][\/et_pb_column][\/et_pb_row][\/et_pb_section][et_pb_section fb_built=&#8221;1&#8243; fullwidth=&#8221;on&#8221; _builder_version=&#8221;4.20.2&#8243; _module_preset=&#8221;default&#8221; global_colors_info=&#8221;{}&#8221;][et_pb_fullwidth_image src=&#8221;https:\/\/jacoboymariaangeles.com\/wp-content\/uploads\/2023\/07\/d-3.jpg&#8221; _builder_version=&#8221;4.21.0&#8243; _module_preset=&#8221;default&#8221; global_colors_info=&#8221;{}&#8221;][\/et_pb_fullwidth_image][\/et_pb_section][et_pb_section fb_built=&#8221;1&#8243; _builder_version=&#8221;4.20.2&#8243; _module_preset=&#8221;default&#8221; global_colors_info=&#8221;{}&#8221;][et_pb_row _builder_version=&#8221;4.20.2&#8243; _module_preset=&#8221;default&#8221; global_colors_info=&#8221;{}&#8221;][et_pb_column type=&#8221;4_4&#8243; _builder_version=&#8221;4.20.2&#8243; _module_preset=&#8221;default&#8221; global_colors_info=&#8221;{}&#8221;][et_pb_image src=&#8221;https:\/\/jacoboymariaangeles.com\/wp-content\/uploads\/2023\/07\/d-4.jpg&#8221; _builder_version=&#8221;4.21.0&#8243; _module_preset=&#8221;default&#8221; global_colors_info=&#8221;{}&#8221;][\/et_pb_image][et_pb_text _builder_version=&#8221;4.21.0&#8243; _module_preset=&#8221;default&#8221; custom_padding=&#8221;40px|||||&#8221; link_option_url=&#8221;https:\/\/jacoboymariaangeles.com\/tienda-tjyma&#8221; global_colors_info=&#8221;{}&#8221;]<\/p>\n<p style=\"text-align: center;\"><strong> <span class=\"fontstyle0\">VISIT STORE<\/span><\/strong><\/p>\n<p>[\/et_pb_text][\/et_pb_column][\/et_pb_row][\/et_pb_section][et_pb_section fb_built=&#8221;1&#8243; _builder_version=&#8221;4.20.2&#8243; _module_preset=&#8221;default&#8221; background_color=&#8221;#efe6d0&#8243; custom_margin=&#8221;0px||0px||false|false&#8221; custom_padding=&#8221;0px||5px||false|false&#8221; global_colors_info=&#8221;{}&#8221;][et_pb_row column_structure=&#8221;1_4,1_4,1_2&#8243; _builder_version=&#8221;4.20.2&#8243; _module_preset=&#8221;default&#8221; custom_margin=&#8221;|auto|0px|auto|false|false&#8221; locked=&#8221;off&#8221; global_colors_info=&#8221;{}&#8221;][et_pb_column type=&#8221;1_4&#8243; _builder_version=&#8221;4.16&#8243; _module_preset=&#8221;default&#8221; global_colors_info=&#8221;{}&#8221;][et_pb_text _builder_version=&#8221;4.17.1&#8243; _module_preset=&#8221;default&#8221; text_font_size=&#8221;15px&#8221; text_orientation_tablet=&#8221;center&#8221; text_orientation_phone=&#8221;left&#8221; text_orientation_last_edited=&#8221;on|tablet&#8221; global_colors_info=&#8221;{}&#8221;]<\/p>\n<p>VISIT US<\/p>\n<p>[\/et_pb_text][et_pb_text _builder_version=&#8221;4.17.6&#8243; _module_preset=&#8221;default&#8221; text_font_size=&#8221;15px&#8221; custom_margin_tablet=&#8221;&#8221; custom_margin_phone=&#8221;-20px||||false|false&#8221; custom_margin_last_edited=&#8221;on|phone&#8221; text_orientation_tablet=&#8221;center&#8221; text_orientation_phone=&#8221;left&#8221; text_orientation_last_edited=&#8221;on|phone&#8221; global_colors_info=&#8221;{}&#8221;]<\/p>\n<p>Cjon. del Olvido 9, 71506 <br \/>San Mart\u00edn Tilcajete, Oax.<br \/>951 524 90 27 ext.4<\/p>\n<p>[\/et_pb_text][\/et_pb_column][et_pb_column type=&#8221;1_4&#8243; _builder_version=&#8221;4.16&#8243; _module_preset=&#8221;default&#8221; global_colors_info=&#8221;{}&#8221;][et_pb_text _builder_version=&#8221;4.17.1&#8243; _module_preset=&#8221;default&#8221; text_font_size=&#8221;15px&#8221; text_orientation_tablet=&#8221;center&#8221; text_orientation_phone=&#8221;left&#8221; text_orientation_last_edited=&#8221;on|phone&#8221; global_colors_info=&#8221;{}&#8221;]<\/p>\n<p>OPENING HOURS<\/p>\n<p>[\/et_pb_text][et_pb_text _builder_version=&#8221;4.17.1&#8243; _module_preset=&#8221;default&#8221; text_font_size=&#8221;15px&#8221; custom_margin_tablet=&#8221;&#8221; custom_margin_phone=&#8221;-20px||||false|false&#8221; custom_margin_last_edited=&#8221;on|phone&#8221; text_orientation_tablet=&#8221;center&#8221; text_orientation_phone=&#8221;left&#8221; text_orientation_last_edited=&#8221;on|phone&#8221; global_colors_info=&#8221;{}&#8221;]<\/p>\n<p>Monday &#8211; Sunday<br \/>8:00 am &#8211; 6:00 pm<br \/>We open the 365 days of the year<\/p>\n<p>[\/et_pb_text][et_pb_text disabled_on=&#8221;on|on|off&#8221; _builder_version=&#8221;4.17.6&#8243; _module_preset=&#8221;default&#8221; text_font_size=&#8221;12px&#8221; custom_margin=&#8221;0px||0px|-285px|false|false&#8221; text_font_size_tablet=&#8221;12px&#8221; text_font_size_phone=&#8221;12px&#8221; text_font_size_last_edited=&#8221;on|desktop&#8221; global_colors_info=&#8221;{}&#8221;]<\/p>\n<p>Copyright\u00a9 2021 Jacobo y Maria Angeles. All rights reserved <span style=\"text-decoration: underline; color: #000000;\"><a href=\"https:\/\/jacoboymariaangeles.com\/en\/frequent-questions\/\" style=\"color: #000000; text-decoration: underline;\">Frequently Asked Questions<\/a><\/span><\/p>\n<p>[\/et_pb_text][et_pb_text content_tablet=&#8221;<\/p>\n<p>Copyright\u00a9 2021 Jacobo y Maria Angeles. All rights reserved <span style=%22color: #000000;%22><a href=%22https:\/\/jacoboymariaangeles.com\/en\/frequent-questions\/%22 style=%22color: #000000;%22><span style=%22text-decoration: underline;%22>Frequently Asked Questions<\/span><\/a><\/span><\/p>\n<p>&#8221; content_phone=&#8221;<\/p>\n<p>Copyright\u00a9 2021 Jacobo y Maria Angeles. <br \/>All rights reserved <br \/><span style=%22color: #000000;%22><a href=%22https:\/\/jacoboymariaangeles.com\/en\/frequent-questions\/%22 style=%22color: #000000;%22><span style=%22text-decoration: underline;%22>Frequently Questions<\/span><\/a><br \/><a href=%22https:\/\/jacoboymariaangeles.com\/en\/privacy-notice\/%22 style=%22color: #000000;%22><span style=%22text-decoration: underline;%22>Privacy<\/span><\/a><\/span><\/p>\n<p>&#8221; content_last_edited=&#8221;on|phone&#8221; disabled_on=&#8221;off|off|on&#8221; _builder_version=&#8221;4.17.6&#8243; _module_preset=&#8221;default&#8221; text_font_size=&#8221;12px&#8221; transform_scale_tablet=&#8221;&#8221; transform_scale_phone=&#8221;&#8221; transform_scale_last_edited=&#8221;on|phone&#8221; transform_translate_tablet=&#8221;0px|215px&#8221; transform_translate_phone=&#8221;0px|300px&#8221; transform_translate_last_edited=&#8221;on|tablet&#8221; transform_translate_linked=&#8221;off&#8221; transform_rotate_tablet=&#8221;&#8221; transform_rotate_phone=&#8221;&#8221; transform_rotate_last_edited=&#8221;on|desktop&#8221; transform_skew_tablet=&#8221;&#8221; transform_skew_phone=&#8221;&#8221; transform_skew_last_edited=&#8221;on|desktop&#8221; transform_origin_tablet=&#8221;&#8221; transform_origin_phone=&#8221;&#8221; transform_origin_last_edited=&#8221;on|desktop&#8221; transform_styles_last_edited=&#8221;on|tablet&#8221; custom_margin=&#8221;0px||0px|-285px|false|false&#8221; custom_margin_tablet=&#8221;0px||0px|-285px|false|false&#8221; custom_margin_phone=&#8221;0px|||0px|false|false&#8221; custom_margin_last_edited=&#8221;on|phone&#8221; text_font_size_tablet=&#8221;12px&#8221; text_font_size_phone=&#8221;12px&#8221; text_font_size_last_edited=&#8221;on|desktop&#8221; transform_styles_tablet=&#8221;&#8221; transform_styles_phone=&#8221;&#8221; global_colors_info=&#8221;{}&#8221;]<\/p>\n<p>Copyright\u00a9 2021 Jacobo y Maria Angeles. All rights reserved <span style=\"color: #000000;\"><a href=\"https:\/\/jacoboymariaangeles.com\/en\/frequent-questions\/\" style=\"color: #000000;\"><span style=\"text-decoration: underline;\">Frequently Asked Questions<\/span><\/a><\/span><\/p>\n<p>[\/et_pb_text][\/et_pb_column][et_pb_column type=&#8221;1_2&#8243; _builder_version=&#8221;4.16&#8243; _module_preset=&#8221;default&#8221; global_colors_info=&#8221;{}&#8221;][et_pb_code _builder_version=&#8221;4.18.0&#8243; _module_preset=&#8221;default&#8221; transform_scale_tablet=&#8221;&#8221; transform_scale_phone=&#8221;&#8221; transform_scale_last_edited=&#8221;on|phone&#8221; transform_translate_tablet=&#8221;0px|100px&#8221; transform_translate_phone=&#8221;0px|113px&#8221; transform_translate_last_edited=&#8221;on|phone&#8221; transform_translate_linked_tablet=&#8221;off&#8221; transform_translate_linked_phone=&#8221;off&#8221; transform_rotate_tablet=&#8221;&#8221; transform_rotate_phone=&#8221;&#8221; transform_rotate_last_edited=&#8221;on|phone&#8221; transform_skew_tablet=&#8221;&#8221; transform_skew_phone=&#8221;&#8221; transform_skew_last_edited=&#8221;on|phone&#8221; transform_origin_tablet=&#8221;&#8221; transform_origin_phone=&#8221;&#8221; transform_origin_last_edited=&#8221;on|phone&#8221; transform_styles_last_edited=&#8221;on|phone&#8221; custom_margin=&#8221;0px||0px|20px|false|false&#8221; custom_margin_tablet=&#8221;0px||0px|0px|false|false&#8221; custom_margin_phone=&#8221;0px||0px|0px|false|false&#8221; custom_margin_last_edited=&#8221;on|tablet&#8221; transform_styles_tablet=&#8221;&#8221; transform_styles_phone=&#8221;&#8221; text_orientation_tablet=&#8221;center&#8221; text_orientation_phone=&#8221;center&#8221; text_orientation_last_edited=&#8221;on|phone&#8221; module_alignment_tablet=&#8221;&#8221; module_alignment_phone=&#8221;&#8221; module_alignment_last_edited=&#8221;on|phone&#8221; global_colors_info=&#8221;{}&#8221;]<\/p>\n<div><!-- [et_pb_line_break_holder] --><a href=\"\/\/wa.me\/529513047890\" target=\"_blank\" rel=\"noopener\"><img loading=\"lazy\" decoding=\"async\" style=\"margin:5px\" src=\"https:\/\/jacoboymariaangeles.com\/wp-content\/uploads\/2022\/09\/wp.png\" width=\"28\" height=\"28\" alt=\"Whatsapp\"><\/a><!-- [et_pb_line_break_holder] -->  <a href=\"https:\/\/www.instagram.com\/jacoboymariaangeles\/\" target=\"_blank\" rel=\"noopener\"><img loading=\"lazy\" decoding=\"async\" style=\"margin:5px\" src=\"https:\/\/jacoboymariaangeles.com\/wp-content\/uploads\/2022\/08\/ig.png\" width=\"28\" height=\"28\" alt=\"Instagram\"><\/a><a href=\"https:\/\/es-la.facebook.com\/jacoboymariaangeles\/\" target=\"_blank\" rel=\"noopener\"><img loading=\"lazy\" decoding=\"async\" style=\"margin:5px\" src=\"https:\/\/jacoboymariaangeles.com\/wp-content\/uploads\/2022\/08\/fb.png\" width=\"28\" height=\"28\" alt=\"Facebook\"><\/a><a href=\"https:\/\/www.youtube.com\/channel\/UC6wKH7WZo73XpINP2vLhI_w\" target=\"_blank\" rel=\"noopener\"><img loading=\"lazy\" decoding=\"async\" style=\"margin:5px\" src=\"https:\/\/jacoboymariaangeles.com\/wp-content\/uploads\/2022\/08\/yt.png\" width=\"28\" height=\"28\" alt=\"YouTube\"><\/a><\/div>\n<p>[\/et_pb_code][et_pb_text disabled_on=&#8221;on|off|off&#8221; _builder_version=&#8221;4.17.6&#8243; _module_preset=&#8221;default&#8221; custom_margin=&#8221;5px|||26px|false|false&#8221; custom_margin_tablet=&#8221;5px|||26px|false|false&#8221; custom_margin_phone=&#8221;0px||0px|0px|false|false&#8221; custom_margin_last_edited=&#8221;on|phone&#8221; custom_padding=&#8221;0px||0px||false|false&#8221; global_colors_info=&#8221;{}&#8221;]<\/p>\n<p><span style=\"color: #000000;\"><a href=\"https:\/\/jacoboymariaangeles.com\/en\/privacy-notice\/\" style=\"color: #000000;\"><span style=\"text-decoration: underline;\">Privacy<\/span><\/a><\/span><\/p>\n<p>[\/et_pb_text][et_pb_signup provider=&#8221;infusionsoft&#8221; infusionsoft_list=&#8221;tjyma|147&#8243; first_name_field=&#8221;off&#8221; last_name_field=&#8221;off&#8221; success_message=&#8221;\u00a1Thank you for subscribing!&#8221; button_text=&#8221;.&#8221; description=&#8221;<\/p>\n<p><span style=%22color: #000000;%22>Subscribe to our newsletter<br \/><\/span><\/p>\n<p>&#8221; title_tablet=&#8221;&#8221; title_phone=&#8221;&#8221; title_last_edited=&#8221;on|tablet&#8221; _builder_version=&#8221;4.19.2&#8243; _module_preset=&#8221;default&#8221; form_field_background_color=&#8221;RGBA(255,255,255,0)&#8221; form_field_text_color=&#8221;#000000&#8243; result_message_text_color=&#8221;#000000&#8243; form_field_font_size=&#8221;14px&#8221; background_enable_color=&#8221;off&#8221; custom_button=&#8221;on&#8221; button_text_size=&#8221;20px&#8221; button_text_color=&#8221;RGBA(255,255,255,0)&#8221; button_border_width=&#8221;1px&#8221; button_border_color=&#8221;#000000&#8243; button_border_radius=&#8221;0px&#8221; button_icon=&#8221;&#x24;||divi||400&#8243; button_icon_color=&#8221;#000000&#8243; button_on_hover=&#8221;off&#8221; button_custom_margin=&#8221;0px|0px|0px|0px|false|false&#8221; transform_scale_tablet=&#8221;&#8221; transform_scale_phone=&#8221;&#8221; transform_scale_last_edited=&#8221;on|tablet&#8221; transform_translate_tablet=&#8221;0px|-100px&#8221; transform_translate_phone=&#8221;0px|-175px&#8221; transform_translate_last_edited=&#8221;on|phone&#8221; transform_translate_linked_tablet=&#8221;off&#8221; transform_translate_linked_phone=&#8221;off&#8221; transform_rotate_tablet=&#8221;&#8221; transform_rotate_phone=&#8221;&#8221; transform_rotate_last_edited=&#8221;on|desktop&#8221; transform_skew_tablet=&#8221;&#8221; transform_skew_phone=&#8221;&#8221; transform_skew_last_edited=&#8221;on|desktop&#8221; transform_origin_tablet=&#8221;&#8221; transform_origin_phone=&#8221;&#8221; transform_origin_last_edited=&#8221;on|desktop&#8221; transform_styles_last_edited=&#8221;on|tablet&#8221; width=&#8221;70%&#8221; width_tablet=&#8221;100%&#8221; width_phone=&#8221;100%&#8221; width_last_edited=&#8221;on|phone&#8221; custom_margin=&#8221;20px||0px||false|false&#8221; custom_margin_tablet=&#8221;0px||0px||false|false&#8221; custom_margin_phone=&#8221;15px|||-25px|false|false&#8221; custom_margin_last_edited=&#8221;on|tablet&#8221; custom_padding=&#8221;0px||0px||false|false&#8221; form_field_text_align_tablet=&#8221;&#8221; form_field_text_align_phone=&#8221;&#8221; form_field_text_align_last_edited=&#8221;on|phone&#8221; transform_styles_tablet=&#8221;&#8221; transform_styles_phone=&#8221;&#8221; text_orientation_tablet=&#8221;&#8221; text_orientation_phone=&#8221;left&#8221; text_orientation_last_edited=&#8221;on|phone&#8221; module_alignment_tablet=&#8221;&#8221; module_alignment_phone=&#8221;&#8221; module_alignment_last_edited=&#8221;on|phone&#8221; custom_css_main_element=&#8221;  &#8221; border_radii_tablet=&#8221;&#8221; border_radii_phone=&#8221;&#8221; border_radii_last_edited=&#8221;on|phone&#8221; border_width_right_tablet=&#8221;&#8221; border_width_right_phone=&#8221;0px&#8221; border_width_right_last_edited=&#8221;on|phone&#8221; border_radii_fields=&#8221;on|0px|0px|0px|0px&#8221; border_width_all_fields=&#8221;1px&#8221; border_width_right_fields=&#8221;0px&#8221; border_width_all_fields_tablet=&#8221;1px&#8221; border_width_all_fields_phone=&#8221;1px&#8221; border_width_all_fields_last_edited=&#8221;on|phone&#8221; border_width_right_fields_tablet=&#8221;0px&#8221; border_width_right_fields_phone=&#8221;1px&#8221; border_width_right_fields_last_edited=&#8221;on|phone&#8221; global_colors_info=&#8221;{}&#8221;][\/et_pb_signup][\/et_pb_column][\/et_pb_row][\/et_pb_section]<\/p>\n","protected":false},"excerpt":{"rendered":"<p>Beedxe Beenda Hruzaani\u2019 &nbsp; D\u00eddiamantTaller Jacobo y Mar\u00eda \u00c1ngeles, is pleased to present Beedxe BeendaHruzaani&#8217; (Jaguar &#8211; Shiny Snake in Zapotec), an exclusive piecee made in 1.5 kg of 999 fine silver, which presents a numerous inlayof 15.16 carat diamonds, in collaboration with the jewelry artisans of theMexican company D\u00eddiamant. Precious stones that splendidly compose [&hellip;]<\/p>\n","protected":false},"author":1,"featured_media":0,"parent":0,"menu_order":0,"comment_status":"closed","ping_status":"closed","template":"","meta":{"_et_pb_use_builder":"on","_et_pb_old_content":"","_et_gb_content_width":"","footnotes":""},"class_list":["post-8948","page","type-page","status-publish","hentry"],"_links":{"self":[{"href":"https:\/\/jacoboymariaangeles.com\/en\/wp-json\/wp\/v2\/pages\/8948","targetHints":{"allow":["GET"]}}],"collection":[{"href":"https:\/\/jacoboymariaangeles.com\/en\/wp-json\/wp\/v2\/pages"}],"about":[{"href":"https:\/\/jacoboymariaangeles.com\/en\/wp-json\/wp\/v2\/types\/page"}],"author":[{"embeddable":true,"href":"https:\/\/jacoboymariaangeles.com\/en\/wp-json\/wp\/v2\/users\/1"}],"replies":[{"embeddable":true,"href":"https:\/\/jacoboymariaangeles.com\/en\/wp-json\/wp\/v2\/comments?post=8948"}],"version-history":[{"count":5,"href":"https:\/\/jacoboymariaangeles.com\/en\/wp-json\/wp\/v2\/pages\/8948\/revisions"}],"predecessor-version":[{"id":9390,"href":"https:\/\/jacoboymariaangeles.com\/en\/wp-json\/wp\/v2\/pages\/8948\/revisions\/9390"}],"wp:attachment":[{"href":"https:\/\/jacoboymariaangeles.com\/en\/wp-json\/wp\/v2\/media?parent=8948"}],"curies":[{"name":"wp","href":"https:\/\/api.w.org\/{rel}","templated":true}]}}